{"id":46,"date":"2026-02-08T14:10:06","date_gmt":"2026-02-08T13:10:06","guid":{"rendered":"https:\/\/api.hane.pl\/?page_id=46"},"modified":"2026-02-09T18:29:21","modified_gmt":"2026-02-09T17:29:21","slug":"o-nas","status":"publish","type":"page","link":"https:\/\/api.hane.pl\/?page_id=46","title":{"rendered":"O nas"},"content":{"rendered":"\n<blockquote class=\"wp-block-quote is-layout-flow wp-block-quote-is-layout-flow\">\n<p><em>&#8222;Hane&#8221; (\u7fbd) w j\u0119zyku japo\u0144skim oznacza pi\u00f3ro. Symbolizuje lekko\u015b\u0107, precyzj\u0119 i swobod\u0119 ruchu. Jeste\u015bmy niezale\u017cnym studiem kreatywnym, kt\u00f3re wierzy w si\u0142\u0119 detalu.&#8221;<\/em><\/p>\n<\/blockquote>\n\n\n\n<p><\/p>\n","protected":false},"excerpt":{"rendered":"<p>&#8222;Hane&#8221; (\u7fbd) w j\u0119zyku japo\u0144skim oznacza pi\u00f3ro. Symbolizuje lekko\u015b\u0107, precyzj\u0119 i swobod\u0119 ruchu. Jeste\u015bmy niezale\u017cnym studiem kreatywnym, kt\u00f3re wierzy w si\u0142\u0119 detalu.&#8221;<\/p>\n","protected":false},"author":1,"featured_media":0,"parent":0,"menu_order":0,"comment_status":"closed","ping_status":"closed","template":"","meta":{"_acf_changed":false,"footnotes":""},"class_list":["post-46","page","type-page","status-publish","hentry"],"acf":{"faq_items":null},"yoast_head":"<!-- This site is optimized with the Yoast SEO plugin v27.2 - https:\/\/yoast.com\/product\/yoast-seo-wordpress\/ -->\n<title>O nas - HANE Agencja Kreatywna<\/title>\n<meta name=\"description\" content=\"Poznaj zesp\u00f3\u0142 HANE Agencja Kreatywna \ud83d\udc4b. Kreatywno\u015b\u0107, do\u015bwiadczenie i pasja do video marketingu. Dzia\u0142amy w ca\u0142ej Polsce \ud83c\uddf5\ud83c\uddf1.\" \/>\n<meta name=\"robots\" content=\"index, follow, max-snippet:-1, max-image-preview:large, max-video-preview:-1\" \/>\n<link rel=\"canonical\" href=\"https:\/\/api.hane.pl\/?page_id=46\" \/>\n<meta property=\"og:locale\" content=\"pl_PL\" \/>\n<meta property=\"og:type\" content=\"article\" \/>\n<meta property=\"og:title\" content=\"O nas - HANE Agencja Kreatywna\" \/>\n<meta property=\"og:description\" content=\"Poznaj zesp\u00f3\u0142 HANE Agencja Kreatywna \ud83d\udc4b. Kreatywno\u015b\u0107, do\u015bwiadczenie i pasja do video marketingu. Dzia\u0142amy w ca\u0142ej Polsce \ud83c\uddf5\ud83c\uddf1.\" \/>\n<meta property=\"og:url\" content=\"https:\/\/api.hane.pl\/?page_id=46\" \/>\n<meta property=\"og:site_name\" content=\"HANE\" \/>\n<meta property=\"article:modified_time\" content=\"2026-02-09T17:29:21+00:00\" \/>\n<meta name=\"twitter:card\" content=\"summary_large_image\" \/>\n<script type=\"application\/ld+json\" class=\"yoast-schema-graph\">{\"@context\":\"https:\/\/schema.org\",\"@graph\":[{\"@type\":\"WebPage\",\"@id\":\"https:\/\/api.hane.pl\/?page_id=46\",\"url\":\"https:\/\/api.hane.pl\/?page_id=46\",\"name\":\"O nas - HANE Agencja Kreatywna\",\"isPartOf\":{\"@id\":\"https:\/\/api.hane.pl\/#website\"},\"datePublished\":\"2026-02-08T13:10:06+00:00\",\"dateModified\":\"2026-02-09T17:29:21+00:00\",\"description\":\"Poznaj zesp\u00f3\u0142 HANE Agencja Kreatywna \ud83d\udc4b. Kreatywno\u015b\u0107, do\u015bwiadczenie i pasja do video marketingu. Dzia\u0142amy w ca\u0142ej Polsce \ud83c\uddf5\ud83c\uddf1.\",\"breadcrumb\":{\"@id\":\"https:\/\/api.hane.pl\/?page_id=46#breadcrumb\"},\"inLanguage\":\"pl-PL\",\"potentialAction\":[{\"@type\":\"ReadAction\",\"target\":[\"https:\/\/api.hane.pl\/?page_id=46\"]}]},{\"@type\":\"BreadcrumbList\",\"@id\":\"https:\/\/api.hane.pl\/?page_id=46#breadcrumb\",\"itemListElement\":[{\"@type\":\"ListItem\",\"position\":1,\"name\":\"Strona g\u0142\u00f3wna\",\"item\":\"https:\/\/api.hane.pl\/\"},{\"@type\":\"ListItem\",\"position\":2,\"name\":\"O nas\"}]},{\"@type\":\"WebSite\",\"@id\":\"https:\/\/api.hane.pl\/#website\",\"url\":\"https:\/\/api.hane.pl\/\",\"name\":\"HANE\",\"description\":\"\",\"potentialAction\":[{\"@type\":\"SearchAction\",\"target\":{\"@type\":\"EntryPoint\",\"urlTemplate\":\"https:\/\/api.hane.pl\/?s={search_term_string}\"},\"query-input\":{\"@type\":\"PropertyValueSpecification\",\"valueRequired\":true,\"valueName\":\"search_term_string\"}}],\"inLanguage\":\"pl-PL\"}]}<\/script>\n<!-- \/ Yoast SEO plugin. -->","yoast_head_json":{"title":"O nas - HANE Agencja Kreatywna","description":"Poznaj zesp\u00f3\u0142 HANE Agencja Kreatywna \ud83d\udc4b. Kreatywno\u015b\u0107, do\u015bwiadczenie i pasja do video marketingu. Dzia\u0142amy w ca\u0142ej Polsce \ud83c\uddf5\ud83c\uddf1.","robots":{"index":"index","follow":"follow","max-snippet":"max-snippet:-1","max-image-preview":"max-image-preview:large","max-video-preview":"max-video-preview:-1"},"canonical":"https:\/\/api.hane.pl\/?page_id=46","og_locale":"pl_PL","og_type":"article","og_title":"O nas - HANE Agencja Kreatywna","og_description":"Poznaj zesp\u00f3\u0142 HANE Agencja Kreatywna \ud83d\udc4b. Kreatywno\u015b\u0107, do\u015bwiadczenie i pasja do video marketingu. Dzia\u0142amy w ca\u0142ej Polsce \ud83c\uddf5\ud83c\uddf1.","og_url":"https:\/\/api.hane.pl\/?page_id=46","og_site_name":"HANE","article_modified_time":"2026-02-09T17:29:21+00:00","twitter_card":"summary_large_image","schema":{"@context":"https:\/\/schema.org","@graph":[{"@type":"WebPage","@id":"https:\/\/api.hane.pl\/?page_id=46","url":"https:\/\/api.hane.pl\/?page_id=46","name":"O nas - HANE Agencja Kreatywna","isPartOf":{"@id":"https:\/\/api.hane.pl\/#website"},"datePublished":"2026-02-08T13:10:06+00:00","dateModified":"2026-02-09T17:29:21+00:00","description":"Poznaj zesp\u00f3\u0142 HANE Agencja Kreatywna \ud83d\udc4b. Kreatywno\u015b\u0107, do\u015bwiadczenie i pasja do video marketingu. Dzia\u0142amy w ca\u0142ej Polsce \ud83c\uddf5\ud83c\uddf1.","breadcrumb":{"@id":"https:\/\/api.hane.pl\/?page_id=46#breadcrumb"},"inLanguage":"pl-PL","potentialAction":[{"@type":"ReadAction","target":["https:\/\/api.hane.pl\/?page_id=46"]}]},{"@type":"BreadcrumbList","@id":"https:\/\/api.hane.pl\/?page_id=46#breadcrumb","itemListElement":[{"@type":"ListItem","position":1,"name":"Strona g\u0142\u00f3wna","item":"https:\/\/api.hane.pl\/"},{"@type":"ListItem","position":2,"name":"O nas"}]},{"@type":"WebSite","@id":"https:\/\/api.hane.pl\/#website","url":"https:\/\/api.hane.pl\/","name":"HANE","description":"","potentialAction":[{"@type":"SearchAction","target":{"@type":"EntryPoint","urlTemplate":"https:\/\/api.hane.pl\/?s={search_term_string}"},"query-input":{"@type":"PropertyValueSpecification","valueRequired":true,"valueName":"search_term_string"}}],"inLanguage":"pl-PL"}]}},"_links":{"self":[{"href":"https:\/\/api.hane.pl\/index.php?rest_route=\/wp\/v2\/pages\/46","targetHints":{"allow":["GET"]}}],"collection":[{"href":"https:\/\/api.hane.pl\/index.php?rest_route=\/wp\/v2\/pages"}],"about":[{"href":"https:\/\/api.hane.pl\/index.php?rest_route=\/wp\/v2\/types\/page"}],"author":[{"embeddable":true,"href":"https:\/\/api.hane.pl\/index.php?rest_route=\/wp\/v2\/users\/1"}],"replies":[{"embeddable":true,"href":"https:\/\/api.hane.pl\/index.php?rest_route=%2Fwp%2Fv2%2Fcomments&post=46"}],"version-history":[{"count":5,"href":"https:\/\/api.hane.pl\/index.php?rest_route=\/wp\/v2\/pages\/46\/revisions"}],"predecessor-version":[{"id":57,"href":"https:\/\/api.hane.pl\/index.php?rest_route=\/wp\/v2\/pages\/46\/revisions\/57"}],"wp:attachment":[{"href":"https:\/\/api.hane.pl\/index.php?rest_route=%2Fwp%2Fv2%2Fmedia&parent=46"}],"curies":[{"name":"wp","href":"https:\/\/api.w.org\/{rel}","templated":true}]}}